{"id":1907,"date":"2024-07-30T17:52:02","date_gmt":"2024-07-30T17:52:02","guid":{"rendered":"https:\/\/riad-chay.com\/?page_id=1907"},"modified":"2025-01-20T00:46:48","modified_gmt":"2025-01-20T00:46:48","slug":"activities","status":"publish","type":"page","link":"https:\/\/riad-chay.com\/fr\/activities\/","title":{"rendered":"ACTIVIT\u00c9S"},"content":{"rendered":"<div data-elementor-type=\"wp-page\" data-elementor-id=\"1907\" class=\"elementor elementor-1907\" data-elementor-post-type=\"page\">\n\t\t\t\t<div class=\"elementor-element elementor-element-04267a6 e-con-full e-flex e-con e-parent\" data-id=\"04267a6\" data-element_type=\"container\" data-e-type=\"container\" data-settings=\"{&quot;background_background&quot;:&quot;slideshow&quot;,&quot;background_slideshow_gallery&quot;:[{&quot;id&quot;:2765,&quot;url&quot;:&quot;https:\\\/\\\/riad-chay.com\\\/wp-content\\\/uploads\\\/2024\\\/08\\\/Heading.jpg&quot;}],&quot;background_slideshow_slide_duration&quot;:11999997,&quot;background_slideshow_loop&quot;:&quot;yes&quot;,&quot;background_slideshow_slide_transition&quot;:&quot;fade&quot;,&quot;background_slideshow_transition_duration&quot;:500}\">\n\t\t\t\t<div class=\"elementor-element elementor-element-62a6d56 elementor-widget elementor-widget-heading\" data-id=\"62a6d56\" data-element_type=\"widget\" data-e-type=\"widget\" data-widget_type=\"heading.default\">\n\t\t\t\t\t<h2 class=\"elementor-heading-title elementor-size-default\">DIVERTISSEMENT<\/h2>\t\t\t\t<\/div>\n\t\t\t\t<div class=\"elementor-element elementor-element-333b325 elementor-widget elementor-widget-heading\" data-id=\"333b325\" data-element_type=\"widget\" data-e-type=\"widget\" data-widget_type=\"heading.default\">\n\t\t\t\t\t<h2 class=\"elementor-heading-title elementor-size-default\">Ecursions\n&amp; Loisirs<\/h2>\t\t\t\t<\/div>\n\t\t\t\t<div class=\"elementor-element elementor-element-f884559 elementor-widget elementor-widget-heading\" data-id=\"f884559\" data-element_type=\"widget\" data-e-type=\"widget\" data-widget_type=\"heading.default\">\n\t\t\t\t\t<h2 class=\"elementor-heading-title elementor-size-default\">OUARZAZATE TOURS<\/h2>\t\t\t\t<\/div>\n\t\t\t\t<div class=\"elementor-element elementor-element-9bd866d elementor-hidden-mobile elementor-widget elementor-widget-image\" data-id=\"9bd866d\" data-element_type=\"widget\" data-e-type=\"widget\" data-widget_type=\"image.default\">\n\t\t\t\t\t\t\t\t\t\t\t\t\t\t\t\t<a href=\"#scroll\">\n\t\t\t\t\t\t\t<img fetchpriority=\"high\" decoding=\"async\" width=\"1200\" height=\"1200\" src=\"https:\/\/riad-chay.com\/wp-content\/uploads\/2024\/09\/Download-1.gif\" class=\"attachment-full size-full wp-image-3583\" alt=\"\" \/>\t\t\t\t\t\t\t\t<\/a>\n\t\t\t\t\t\t\t\t\t\t\t\t\t\t\t<\/div>\n\t\t\t\t<\/div>\n\t\t<div class=\"elementor-element elementor-element-b527603 e-flex e-con-boxed e-con e-parent\" data-id=\"b527603\" data-element_type=\"container\" data-e-type=\"container\" data-settings=\"{&quot;background_background&quot;:&quot;classic&quot;}\">\n\t\t\t\t\t<div class=\"e-con-inner\">\n\t\t\t\t<div class=\"elementor-element elementor-element-e5af3b2 elementor-widget__width-initial elementor-widget-mobile__width-initial elementor-widget elementor-widget-heading\" data-id=\"e5af3b2\" data-element_type=\"widget\" data-e-type=\"widget\" data-widget_type=\"heading.default\">\n\t\t\t\t\t<h2 class=\"elementor-heading-title elementor-size-default\">Une ville sculpt\u00e9e par le temps et la lumi\u00e8re<\/h2>\t\t\t\t<\/div>\n\t\t\t\t<div class=\"elementor-element elementor-element-fdd9d95 elementor-widget elementor-widget-heading\" data-id=\"fdd9d95\" data-element_type=\"widget\" data-e-type=\"widget\" data-widget_type=\"heading.default\">\n\t\t\t\t\t<h2 class=\"elementor-heading-title elementor-size-default\">Ouarzazate | \u2d61\u2d30\u2d54\u2d63\u2d30\u2d63\u2d30\u2d5c<\/h2>\t\t\t\t<\/div>\n\t\t\t\t<div class=\"elementor-element elementor-element-46ad6eb elementor-widget__width-initial elementor-widget elementor-widget-text-editor\" data-id=\"46ad6eb\" data-element_type=\"widget\" data-e-type=\"widget\" data-widget_type=\"text-editor.default\">\n\t\t\t\t\t\t\t\t\t<p>Nich\u00e9 dans la majest\u00e9 ensoleill\u00e9e des montagnes du Haut Atlas marocain se trouve\u00a0<strong>Ouarzazate<\/strong>Le Maroc est une ville o\u00f9 l'histoire se murmure dans les anciennes kasbahs et o\u00f9 les r\u00eaves cin\u00e9matographiques d\u00e9filent sur les \u00e9crans d'argent. Son nom m\u00eame, en langue berb\u00e8re, se traduit par \"sans bruit\", mais sa vibrante tapisserie de cultures et de paysages en dit long.<\/p>\t\t\t\t\t\t\t\t<\/div>\n\t\t\t\t\t<\/div>\n\t\t\t\t<\/div>\n\t\t<div class=\"elementor-element elementor-element-765cbb4 elementor-hidden-mobile e-flex e-con-boxed e-con e-parent\" data-id=\"765cbb4\" data-element_type=\"container\" data-e-type=\"container\" data-settings=\"{&quot;background_background&quot;:&quot;classic&quot;}\">\n\t\t\t\t\t<div class=\"e-con-inner\">\n\t\t\t\t<div class=\"elementor-element elementor-element-81309fd elementor-widget elementor-widget-heading\" data-id=\"81309fd\" data-element_type=\"widget\" data-e-type=\"widget\" data-widget_type=\"heading.default\">\n\t\t\t\t\t<h2 class=\"elementor-heading-title elementor-size-default\">Que voir \u00e0 Ouarzazate ?<\/h2>\t\t\t\t<\/div>\n\t\t\t\t<div class=\"elementor-element elementor-element-3715e93 elementor-widget__width-initial elementor-widget-tablet__width-initial elementor-widget elementor-widget-text-editor\" data-id=\"3715e93\" data-element_type=\"widget\" data-e-type=\"widget\" data-widget_type=\"text-editor.default\">\n\t\t\t\t\t\t\t\t\t<p>Dans l'enchanteresse Ouarzazate, les anciennes kasbahs racontent doucement les histoires des dynasties pass\u00e9es, tandis que les oasis luxuriantes s'\u00e9panouissent gracieusement au milieu des vall\u00e9es accident\u00e9es. Laissez-vous s\u00e9duire par le charme des d\u00e9cors hollywoodiens aux Atlas Studios, et plongez dans l'ambiance apaisante du Mus\u00e9e du cin\u00e9ma. \u00c0 chaque coin de rue, un sentiment d'aventure vous attend, o\u00f9 l'histoire s'allie \u00e0 l'allure ensoleill\u00e9e pour vous faire vivre une exp\u00e9rience cin\u00e9matographique magique.<\/p>\t\t\t\t\t\t\t\t<\/div>\n\t\t\t\t<div class=\"elementor-element elementor-element-04675a7 elementor-mobile-align-center elementor-align-left elementor-widget__width-inherit elementor-invisible elementor-widget elementor-widget-button\" data-id=\"04675a7\" data-element_type=\"widget\" data-e-type=\"widget\" data-settings=\"{&quot;motion_fx_motion_fx_scrolling&quot;:&quot;yes&quot;,&quot;motion_fx_opacity_effect&quot;:&quot;yes&quot;,&quot;motion_fx_opacity_range&quot;:{&quot;unit&quot;:&quot;%&quot;,&quot;size&quot;:&quot;&quot;,&quot;sizes&quot;:{&quot;start&quot;:0,&quot;end&quot;:22}},&quot;_animation&quot;:&quot;slideInUp&quot;,&quot;motion_fx_opacity_direction&quot;:&quot;out-in&quot;,&quot;motion_fx_opacity_level&quot;:{&quot;unit&quot;:&quot;px&quot;,&quot;size&quot;:10,&quot;sizes&quot;:[]},&quot;motion_fx_devices&quot;:[&quot;desktop&quot;,&quot;tablet&quot;,&quot;mobile&quot;]}\" data-widget_type=\"button.default\">\n\t\t\t\t\t\t\t\t\t\t<a class=\"elementor-button elementor-button-link elementor-size-sm\" href=\"https:\/\/riad-chay.com\/fr\/what-to-see-in-ouarzazate\/\">\n\t\t\t\t\t\t<span class=\"elementor-button-content-wrapper\">\n\t\t\t\t\t\t\t\t\t<span class=\"elementor-button-text\">plus DETAILS<\/span>\n\t\t\t\t\t<\/span>\n\t\t\t\t\t<\/a>\n\t\t\t\t\t\t\t\t<\/div>\n\t\t\t\t<div class=\"elementor-element elementor-element-8d9b6d1 elementor-absolute elementor-hidden-mobile elementor-widget elementor-widget-image\" data-id=\"8d9b6d1\" data-element_type=\"widget\" data-e-type=\"widget\" data-settings=\"{&quot;_position&quot;:&quot;absolute&quot;}\" data-widget_type=\"image.default\">\n\t\t\t\t\t\t\t\t\t\t\t\t\t\t\t<img decoding=\"async\" src=\"https:\/\/riad-chay.com\/wp-content\/uploads\/elementor\/thumbs\/quad-ouarzazate-qydxxdz6v4hnvslv2kwwqarz9i65k7djax7e0upbtg.png\" title=\"quad ouarzazate\" alt=\"quad ouarzazate\" loading=\"lazy\" \/>\t\t\t\t\t\t\t\t\t\t\t\t\t\t\t<\/div>\n\t\t\t\t\t<\/div>\n\t\t\t\t<\/div>\n\t\t<div class=\"elementor-element elementor-element-2e6ce5e elementor-hidden-mobile e-flex e-con-boxed e-con e-parent\" data-id=\"2e6ce5e\" data-element_type=\"container\" data-e-type=\"container\" data-settings=\"{&quot;background_background&quot;:&quot;classic&quot;}\">\n\t\t\t\t\t<div class=\"e-con-inner\">\n\t\t\t\t<div class=\"elementor-element elementor-element-840309d elementor-widget__width-initial elementor-widget elementor-widget-heading\" data-id=\"840309d\" data-element_type=\"widget\" data-e-type=\"widget\" data-widget_type=\"heading.default\">\n\t\t\t\t\t<h2 class=\"elementor-heading-title elementor-size-default\">Que faire \u00e0 Ouarzazate ?<\/h2>\t\t\t\t<\/div>\n\t\t\t\t<div class=\"elementor-element elementor-element-85b912e elementor-widget__width-initial elementor-widget elementor-widget-text-editor\" data-id=\"85b912e\" data-element_type=\"widget\" data-e-type=\"widget\" data-widget_type=\"text-editor.default\">\n\t\t\t\t\t\t\t\t\t<p>Si Marrakech palpite d'une \u00e9nergie fr\u00e9n\u00e9tique, Ouarzazate ronronne d'une autre fa\u00e7on. Ici, nich\u00e9 au c\u0153ur des contreforts ensoleill\u00e9s du Haut Atlas, le temps perd de son urgence et s'abandonne \u00e0 un rythme doux et sans pr\u00e9cipitation. C'est un endroit o\u00f9 l'on peut se d\u00e9barrasser de la peau de la ville et respirer profond\u00e9ment, un havre pour les \u00e2mes fatigu\u00e9es en qu\u00eate de r\u00e9pit et de rajeunissement.<br \/><br \/><\/p>\t\t\t\t\t\t\t\t<\/div>\n\t\t\t\t<div class=\"elementor-element elementor-element-fdf10fe elementor-mobile-align-center elementor-align-center elementor-widget__width-inherit elementor-widget-tablet__width-initial elementor-invisible elementor-widget elementor-widget-button\" data-id=\"fdf10fe\" data-element_type=\"widget\" data-e-type=\"widget\" data-settings=\"{&quot;motion_fx_motion_fx_scrolling&quot;:&quot;yes&quot;,&quot;motion_fx_opacity_effect&quot;:&quot;yes&quot;,&quot;motion_fx_opacity_range&quot;:{&quot;unit&quot;:&quot;%&quot;,&quot;size&quot;:&quot;&quot;,&quot;sizes&quot;:{&quot;start&quot;:0,&quot;end&quot;:22}},&quot;_animation&quot;:&quot;slideInUp&quot;,&quot;motion_fx_opacity_direction&quot;:&quot;out-in&quot;,&quot;motion_fx_opacity_level&quot;:{&quot;unit&quot;:&quot;px&quot;,&quot;size&quot;:10,&quot;sizes&quot;:[]},&quot;motion_fx_devices&quot;:[&quot;desktop&quot;,&quot;tablet&quot;,&quot;mobile&quot;]}\" data-widget_type=\"button.default\">\n\t\t\t\t\t\t\t\t\t\t<a class=\"elementor-button elementor-button-link elementor-size-sm\" href=\"https:\/\/riad-chay.com\/fr\/what-to-do-in-ouarzazate\/\">\n\t\t\t\t\t\t<span class=\"elementor-button-content-wrapper\">\n\t\t\t\t\t\t\t\t\t<span class=\"elementor-button-text\">plus DETAILS<\/span>\n\t\t\t\t\t<\/span>\n\t\t\t\t\t<\/a>\n\t\t\t\t\t\t\t\t<\/div>\n\t\t\t\t<div class=\"elementor-element elementor-element-7ddba19 elementor-absolute elementor-hidden-mobile elementor-widget elementor-widget-image\" data-id=\"7ddba19\" data-element_type=\"widget\" data-e-type=\"widget\" data-settings=\"{&quot;_position&quot;:&quot;absolute&quot;}\" data-widget_type=\"image.default\">\n\t\t\t\t\t\t\t\t\t\t\t\t\t\t\t<img decoding=\"async\" src=\"https:\/\/riad-chay.com\/wp-content\/uploads\/elementor\/thumbs\/2-qy89hmdx1fiwqt2txs4q60dz83itl2m33gl4ud3oyc.png\" title=\"2\" alt=\"2\" loading=\"lazy\" \/>\t\t\t\t\t\t\t\t\t\t\t\t\t\t\t<\/div>\n\t\t\t\t\t<\/div>\n\t\t\t\t<\/div>\n\t\t<div class=\"elementor-element elementor-element-dd21719 e-con-full elementor-hidden-desktop elementor-hidden-tablet e-flex e-con e-parent\" data-id=\"dd21719\" data-element_type=\"container\" data-e-type=\"container\" data-settings=\"{&quot;background_background&quot;:&quot;classic&quot;}\">\n\t\t\t\t<div class=\"elementor-element elementor-element-ffe9b58 elementor-mobile-align-center elementor-tablet-align-left elementor-hidden-desktop elementor-hidden-tablet elementor-widget elementor-widget-button\" data-id=\"ffe9b58\" data-element_type=\"widget\" data-e-type=\"widget\" data-widget_type=\"button.default\">\n\t\t\t\t\t\t\t\t\t\t<a class=\"elementor-button elementor-button-link elementor-size-sm\" href=\"https:\/\/riad-chay.com\/fr\/what-to-see-in-ouarzazate\/\">\n\t\t\t\t\t\t<span class=\"elementor-button-content-wrapper\">\n\t\t\t\t\t\t\t\t\t<span class=\"elementor-button-text\">Plus de d\u00e9tails<\/span>\n\t\t\t\t\t<\/span>\n\t\t\t\t\t<\/a>\n\t\t\t\t\t\t\t\t<\/div>\n\t\t\t\t<div class=\"elementor-element elementor-element-0d52d4e elementor-widget__width-initial elementor-widget-mobile__width-initial elementor-widget elementor-widget-text-editor\" data-id=\"0d52d4e\" data-element_type=\"widget\" data-e-type=\"widget\" data-widget_type=\"text-editor.default\">\n\t\t\t\t\t\t\t\t\t<p>Dans l'enchanteresse Ouarzazate, les anciennes kasbahs racontent doucement les histoires des dynasties pass\u00e9es, tandis que les oasis luxuriantes s'\u00e9panouissent gracieusement au milieu des vall\u00e9es accident\u00e9es. Laissez-vous s\u00e9duire par le charme des d\u00e9cors hollywoodiens aux Atlas Studios, et plongez dans l'ambiance apaisante du Mus\u00e9e du cin\u00e9ma. \u00c0 chaque coin de rue, un sentiment d'aventure vous attend, o\u00f9 l'histoire s'allie \u00e0 l'allure ensoleill\u00e9e pour vous faire vivre une exp\u00e9rience cin\u00e9matographique magique.<\/p>\t\t\t\t\t\t\t\t<\/div>\n\t\t\t\t<div class=\"elementor-element elementor-element-e9c8987 elementor-widget-mobile__width-initial elementor-widget elementor-widget-heading\" data-id=\"e9c8987\" data-element_type=\"widget\" data-e-type=\"widget\" data-widget_type=\"heading.default\">\n\t\t\t\t\t<h2 class=\"elementor-heading-title elementor-size-default\">Ce qu'il faut voir<br> Ouarzazate ?<\/h2>\t\t\t\t<\/div>\n\t\t\t\t<div class=\"elementor-element elementor-element-5aff597 elementor-hidden-desktop elementor-hidden-tablet elementor-widget-mobile__width-initial elementor-widget elementor-widget-image\" data-id=\"5aff597\" data-element_type=\"widget\" data-e-type=\"widget\" data-widget_type=\"image.default\">\n\t\t\t\t\t\t\t\t\t\t\t\t\t\t\t<img decoding=\"async\" width=\"1000\" height=\"1000\" src=\"https:\/\/riad-chay.com\/wp-content\/uploads\/2024\/12\/quad-ouarzazate.png\" class=\"attachment-full size-full wp-image-7430\" alt=\"\" srcset=\"https:\/\/riad-chay.com\/wp-content\/uploads\/2024\/12\/quad-ouarzazate.png 1000w, https:\/\/riad-chay.com\/wp-content\/uploads\/2024\/12\/quad-ouarzazate-300x300.png 300w, https:\/\/riad-chay.com\/wp-content\/uploads\/2024\/12\/quad-ouarzazate-150x150.png 150w, https:\/\/riad-chay.com\/wp-content\/uploads\/2024\/12\/quad-ouarzazate-768x768.png 768w, https:\/\/riad-chay.com\/wp-content\/uploads\/2024\/12\/quad-ouarzazate-12x12.png 12w, https:\/\/riad-chay.com\/wp-content\/uploads\/2024\/12\/elementor\/thumbs\/quad-ouarzazate-qydxxdz6v4hnvslv2kwwqarz9i65k7djax7e0upbtg.png 450w\" sizes=\"(max-width: 1000px) 100vw, 1000px\" \/>\t\t\t\t\t\t\t\t\t\t\t\t\t\t\t<\/div>\n\t\t\t\t<\/div>\n\t\t<div class=\"elementor-element elementor-element-462630e e-con-full elementor-hidden-desktop elementor-hidden-tablet e-flex e-con e-parent\" data-id=\"462630e\" data-element_type=\"container\" data-e-type=\"container\" data-settings=\"{&quot;background_background&quot;:&quot;classic&quot;}\">\n\t\t\t\t<div class=\"elementor-element elementor-element-9c466e6 elementor-mobile-align-center elementor-tablet-align-left elementor-hidden-desktop elementor-hidden-tablet elementor-widget elementor-widget-button\" data-id=\"9c466e6\" data-element_type=\"widget\" data-e-type=\"widget\" data-widget_type=\"button.default\">\n\t\t\t\t\t\t\t\t\t\t<a class=\"elementor-button elementor-button-link elementor-size-sm\" href=\"https:\/\/riad-chay.com\/fr\/what-to-do-in-ouarzazate\/\">\n\t\t\t\t\t\t<span class=\"elementor-button-content-wrapper\">\n\t\t\t\t\t\t\t\t\t<span class=\"elementor-button-text\">Plus de d\u00e9tails<\/span>\n\t\t\t\t\t<\/span>\n\t\t\t\t\t<\/a>\n\t\t\t\t\t\t\t\t<\/div>\n\t\t\t\t<div class=\"elementor-element elementor-element-9df35f6 elementor-widget__width-initial elementor-widget-mobile__width-initial elementor-widget elementor-widget-text-editor\" data-id=\"9df35f6\" data-element_type=\"widget\" data-e-type=\"widget\" data-widget_type=\"text-editor.default\">\n\t\t\t\t\t\t\t\t\t<p>Si Marrakech palpite d'une \u00e9nergie fr\u00e9n\u00e9tique, Ouarzazate ronronne d'une autre fa\u00e7on. Ici, nich\u00e9 au c\u0153ur des contreforts ensoleill\u00e9s du Haut Atlas, le temps perd de son urgence et s'abandonne \u00e0 un rythme doux et sans pr\u00e9cipitation. C'est un endroit o\u00f9 l'on peut se d\u00e9barrasser de la peau de la ville et respirer profond\u00e9ment, un havre pour les \u00e2mes fatigu\u00e9es en qu\u00eate de r\u00e9pit et de rajeunissement.<\/p>\t\t\t\t\t\t\t\t<\/div>\n\t\t\t\t<div class=\"elementor-element elementor-element-4fccb12 elementor-absolute elementor-hidden-mobile elementor-widget elementor-widget-image\" data-id=\"4fccb12\" data-element_type=\"widget\" data-e-type=\"widget\" data-settings=\"{&quot;_position&quot;:&quot;absolute&quot;}\" data-widget_type=\"image.default\">\n\t\t\t\t\t\t\t\t\t\t\t\t\t\t\t<img decoding=\"async\" src=\"https:\/\/riad-chay.com\/wp-content\/uploads\/elementor\/thumbs\/restaurant-chay-qydxkusnqnc12yt895vzhgmq4jxyxhmdkw2bo1aas4.png\" title=\"restaurant chay\" alt=\"restaurant chay\" loading=\"lazy\" \/>\t\t\t\t\t\t\t\t\t\t\t\t\t\t\t<\/div>\n\t\t\t\t<div class=\"elementor-element elementor-element-3cd6abd elementor-widget-mobile__width-initial elementor-widget elementor-widget-heading\" data-id=\"3cd6abd\" data-element_type=\"widget\" data-e-type=\"widget\" data-widget_type=\"heading.default\">\n\t\t\t\t\t<h2 class=\"elementor-heading-title elementor-size-default\">Que faire en<br> Ouarzazate ?<\/h2>\t\t\t\t<\/div>\n\t\t\t\t<div class=\"elementor-element elementor-element-7656b40 elementor-hidden-desktop elementor-hidden-tablet elementor-widget-mobile__width-initial elementor-widget elementor-widget-image\" data-id=\"7656b40\" data-element_type=\"widget\" data-e-type=\"widget\" data-widget_type=\"image.default\">\n\t\t\t\t\t\t\t\t\t\t\t\t\t\t\t<img decoding=\"async\" width=\"1000\" height=\"1000\" src=\"https:\/\/riad-chay.com\/wp-content\/uploads\/2024\/12\/2.png\" class=\"attachment-full size-full wp-image-7429\" alt=\"\" srcset=\"https:\/\/riad-chay.com\/wp-content\/uploads\/2024\/12\/2.png 1000w, https:\/\/riad-chay.com\/wp-content\/uploads\/2024\/12\/2-300x300.png 300w, https:\/\/riad-chay.com\/wp-content\/uploads\/2024\/12\/2-150x150.png 150w, https:\/\/riad-chay.com\/wp-content\/uploads\/2024\/12\/2-768x768.png 768w, https:\/\/riad-chay.com\/wp-content\/uploads\/2024\/12\/2-12x12.png 12w, https:\/\/riad-chay.com\/wp-content\/uploads\/2024\/12\/elementor\/thumbs\/2-qy89hmdx1fiwqt2txs4q60dz83itl2m33gl4ud3oyc.png 450w\" sizes=\"(max-width: 1000px) 100vw, 1000px\" \/>\t\t\t\t\t\t\t\t\t\t\t\t\t\t\t<\/div>\n\t\t\t\t<\/div>\n\t\t<div class=\"elementor-element elementor-element-c5356c9 e-con-full e-flex e-con e-parent\" data-id=\"c5356c9\" data-element_type=\"container\" data-e-type=\"container\">\n\t\t<div class=\"elementor-element elementor-element-1039a91 e-con-full e-flex e-con e-child\" data-id=\"1039a91\" data-element_type=\"container\" data-e-type=\"container\" data-settings=\"{&quot;background_background&quot;:&quot;classic&quot;}\">\n\t\t\t\t<div class=\"elementor-element elementor-element-590a391 e-transform elementor-widget elementor-widget-heading\" data-id=\"590a391\" data-element_type=\"widget\" data-e-type=\"widget\" data-settings=\"{&quot;_transform_translateY_effect_hover&quot;:{&quot;unit&quot;:&quot;px&quot;,&quot;size&quot;:7,&quot;sizes&quot;:[]},&quot;_transform_translateX_effect_hover&quot;:{&quot;unit&quot;:&quot;px&quot;,&quot;size&quot;:&quot;&quot;,&quot;sizes&quot;:[]},&quot;_transform_translateX_effect_hover_tablet&quot;:{&quot;unit&quot;:&quot;px&quot;,&quot;size&quot;:&quot;&quot;,&quot;sizes&quot;:[]},&quot;_transform_translateX_effect_hover_mobile&quot;:{&quot;unit&quot;:&quot;px&quot;,&quot;size&quot;:&quot;&quot;,&quot;sizes&quot;:[]},&quot;_transform_translateY_effect_hover_tablet&quot;:{&quot;unit&quot;:&quot;px&quot;,&quot;size&quot;:&quot;&quot;,&quot;sizes&quot;:[]},&quot;_transform_translateY_effect_hover_mobile&quot;:{&quot;unit&quot;:&quot;px&quot;,&quot;size&quot;:&quot;&quot;,&quot;sizes&quot;:[]}}\" data-widget_type=\"heading.default\">\n\t\t\t\t\t<h2 class=\"elementor-heading-title elementor-size-default\"><a href=\"https:\/\/riad-chay.com\/fr\/rooms\/\">Chambres<\/a><\/h2>\t\t\t\t<\/div>\n\t\t\t\t<\/div>\n\t\t<div class=\"elementor-element elementor-element-55bdfb2 e-con-full e-flex e-con e-child\" data-id=\"55bdfb2\" data-element_type=\"container\" data-e-type=\"container\" data-settings=\"{&quot;background_background&quot;:&quot;classic&quot;}\">\n\t\t\t\t<div class=\"elementor-element elementor-element-4b324c1 e-transform elementor-widget elementor-widget-heading\" data-id=\"4b324c1\" data-element_type=\"widget\" data-e-type=\"widget\" data-settings=\"{&quot;_transform_translateY_effect_hover&quot;:{&quot;unit&quot;:&quot;px&quot;,&quot;size&quot;:7,&quot;sizes&quot;:[]},&quot;_transform_translateX_effect_hover&quot;:{&quot;unit&quot;:&quot;px&quot;,&quot;size&quot;:&quot;&quot;,&quot;sizes&quot;:[]},&quot;_transform_translateX_effect_hover_tablet&quot;:{&quot;unit&quot;:&quot;px&quot;,&quot;size&quot;:&quot;&quot;,&quot;sizes&quot;:[]},&quot;_transform_translateX_effect_hover_mobile&quot;:{&quot;unit&quot;:&quot;px&quot;,&quot;size&quot;:&quot;&quot;,&quot;sizes&quot;:[]},&quot;_transform_translateY_effect_hover_tablet&quot;:{&quot;unit&quot;:&quot;px&quot;,&quot;size&quot;:&quot;&quot;,&quot;sizes&quot;:[]},&quot;_transform_translateY_effect_hover_mobile&quot;:{&quot;unit&quot;:&quot;px&quot;,&quot;size&quot;:&quot;&quot;,&quot;sizes&quot;:[]}}\" data-widget_type=\"heading.default\">\n\t\t\t\t\t<h2 class=\"elementor-heading-title elementor-size-default\"><a href=\"https:\/\/riad-chay.com\/fr\/faqs\/\">Questions fr\u00e9quemment pos\u00e9es<\/a><\/h2>\t\t\t\t<\/div>\n\t\t\t\t<\/div>\n\t\t<div class=\"elementor-element elementor-element-c498cfb e-con-full e-flex e-con e-child\" data-id=\"c498cfb\" data-element_type=\"container\" data-e-type=\"container\" data-settings=\"{&quot;background_background&quot;:&quot;classic&quot;}\">\n\t\t\t\t<div class=\"elementor-element elementor-element-54ff33b e-transform elementor-widget elementor-widget-heading\" data-id=\"54ff33b\" data-element_type=\"widget\" data-e-type=\"widget\" data-settings=\"{&quot;_transform_translateY_effect_hover&quot;:{&quot;unit&quot;:&quot;px&quot;,&quot;size&quot;:7,&quot;sizes&quot;:[]},&quot;_transform_translateX_effect_hover&quot;:{&quot;unit&quot;:&quot;px&quot;,&quot;size&quot;:&quot;&quot;,&quot;sizes&quot;:[]},&quot;_transform_translateX_effect_hover_tablet&quot;:{&quot;unit&quot;:&quot;px&quot;,&quot;size&quot;:&quot;&quot;,&quot;sizes&quot;:[]},&quot;_transform_translateX_effect_hover_mobile&quot;:{&quot;unit&quot;:&quot;px&quot;,&quot;size&quot;:&quot;&quot;,&quot;sizes&quot;:[]},&quot;_transform_translateY_effect_hover_tablet&quot;:{&quot;unit&quot;:&quot;px&quot;,&quot;size&quot;:&quot;&quot;,&quot;sizes&quot;:[]},&quot;_transform_translateY_effect_hover_mobile&quot;:{&quot;unit&quot;:&quot;px&quot;,&quot;size&quot;:&quot;&quot;,&quot;sizes&quot;:[]}}\" data-widget_type=\"heading.default\">\n\t\t\t\t\t<h2 class=\"elementor-heading-title elementor-size-default\"><a href=\"https:\/\/riad-chay.com\/fr\/restaurant\/\">Restaurant<\/a><\/h2>\t\t\t\t<\/div>\n\t\t\t\t<\/div>\n\t\t\t\t<\/div>\n\t\t\t\t<\/div>","protected":false},"excerpt":{"rendered":"<p>ENTERTAINMENT Excursions &amp; Leisure OUARZAZATE TOURS A City Sculpted by Time and Light Ouarzazate | \u2d61\u2d30\u2d54\u2d63\u2d30\u2d63\u2d30\u2d5c Nestled amidst the sun-drenched majesty of Morocco\u2019s High Atlas Mountains lies Ouarzazate, a city where history whispers from ancient kasbahs and cinematic dreams flicker on silver screens. Its very name, in the Berber tongue, translates to \u201cwithout noise,\u201d yet [&hellip;]<\/p>","protected":false},"author":1,"featured_media":6768,"parent":0,"menu_order":0,"comment_status":"closed","ping_status":"closed","template":"elementor_canvas","meta":{"footnotes":""},"class_list":["post-1907","page","type-page","status-publish","has-post-thumbnail","hentry"],"_links":{"self":[{"href":"https:\/\/riad-chay.com\/fr\/wp-json\/wp\/v2\/pages\/1907","targetHints":{"allow":["GET"]}}],"collection":[{"href":"https:\/\/riad-chay.com\/fr\/wp-json\/wp\/v2\/pages"}],"about":[{"href":"https:\/\/riad-chay.com\/fr\/wp-json\/wp\/v2\/types\/page"}],"author":[{"embeddable":true,"href":"https:\/\/riad-chay.com\/fr\/wp-json\/wp\/v2\/users\/1"}],"replies":[{"embeddable":true,"href":"https:\/\/riad-chay.com\/fr\/wp-json\/wp\/v2\/comments?post=1907"}],"version-history":[{"count":1,"href":"https:\/\/riad-chay.com\/fr\/wp-json\/wp\/v2\/pages\/1907\/revisions"}],"predecessor-version":[{"id":8363,"href":"https:\/\/riad-chay.com\/fr\/wp-json\/wp\/v2\/pages\/1907\/revisions\/8363"}],"wp:featuredmedia":[{"embeddable":true,"href":"https:\/\/riad-chay.com\/fr\/wp-json\/wp\/v2\/media\/6768"}],"wp:attachment":[{"href":"https:\/\/riad-chay.com\/fr\/wp-json\/wp\/v2\/media?parent=1907"}],"curies":[{"name":"wp","href":"https:\/\/api.w.org\/{rel}","templated":true}]}}